{"id":2773,"date":"2024-01-22T16:26:04","date_gmt":"2024-01-22T16:26:04","guid":{"rendered":"https:\/\/ramdon.com\/chi-siamo\/"},"modified":"2026-04-28T08:17:13","modified_gmt":"2026-04-28T08:17:13","slug":"quienes-somos","status":"publish","type":"page","link":"https:\/\/ramdon.com\/es\/quienes-somos\/","title":{"rendered":"Qui\u00e9nes somos"},"content":{"rendered":"<h1>Ramdon \u00e8 il risultato di una grande quantit\u00e0 di sforzi, passione e duro lavoro.<\/h1>\n<h2>Come tutto \u00e8 iniziato<\/h2>\n<h3>La nostra storia<\/h3>\n<p>Fondata nel 2022, Ramdon \u00e8 una rinomata azienda internazionale specializzata in <strong>bombole monouso di N\u2082O, CO\u2082 ed elio<\/strong> per il mercato B2B. Da allora, siamo cresciuti fino a diventare una <strong>rete di distribuzione globale<\/strong> che copre pi\u00f9 di <strong>40 Paesi<\/strong> in Nord America, Sud America, Europa e Nord Africa.<\/p>\n<p>Ramdon \u00e8 il risultato degli sforzi, della passione e del duro lavoro di <strong>tre visionari olandesi<\/strong> e dei loro team internazionali. Nel corso degli anni, \u00e8 stata costruita una catena di distribuzione internazionale in tre continenti, creando marchi riconosciuti in molti Paesi. Rinomati per il nostro eccezionale servizio clienti, siamo orgogliosi di offrire il miglior supporto alla nostra rete di distributori. Tra i numerosi vantaggi, i nostri clienti hanno l&#8217;opportunit\u00e0 unica di lanciare i propri marchi e di sviluppare attivit\u00e0 redditizie attraverso il nostro <strong>programma di private label<\/strong>.<\/p>\n<h3>Missione<\/h3>\n<h2>Migliorare l&#8217;esperienza dei gas industriali nella vita di tutti i giorni<\/h2>\n<p>Offrire soluzioni innovative basate sulla nostra comprovata esperienza nelle bombole di gas industriali per migliorare l&#8217;esperienza e snellire i processi complessi nei settori <strong>HORECA, FMCG e tecnico<\/strong>.<\/p>\n<h3>Visione<\/h3>\n<h2>Essere un attore dirompente nel mercato globale dei gas industriali.<\/h2>\n<p>Essere un attore dirompente nel mercato dei gas industriali, ricercando attivamente nuovi mercati, attraverso l&#8217;innovazione intelligente e fornendo soluzioni efficienti per l&#8217;industria e i consumatori, nel rispetto dello sviluppo sostenibile.<\/p>\n<h2>Commercializzazione dei gas industriali<\/h2>\n<h3>Valori<\/h3>\n<p>Essere un attore dirompente nel mercato dei gas industriali, ricercando attivamente nuovi mercati, attraverso un&#8217;innovazione intelligente e fornendo soluzioni efficaci per l&#8217;industria e i consumatori, nel rispetto dello sviluppo sostenibile.<\/p>\n<h4>Integrit\u00e0<\/h4>\n<p>Crediamo che fare la cosa giusta per i nostri clienti, i nostri partner e il nostro team debba essere sempre la nostra priorit\u00e0. Agiamo con onest\u00e0, senza compromettere la verit\u00e0. Diamo valore all&#8217;integrit\u00e0, ci assumiamo la responsabilit\u00e0 delle nostre azioni, costruiamo relazioni di fiducia con gli altri e apprezziamo la nostra reputazione di azienda affidabile con forti standard morali ed etici.<\/p>\n<h4>Partner fidato<\/h4>\n<p>Siamo responsabili e affidabili; mettiamo al primo posto il benessere dei nostri clienti, dipendenti e membri del team. Crediamo che le partnership di successo siano costruite sulla fiducia, sulla comunicazione aperta, sugli obiettivi condivisi e sullo spirito di collaborazione. Insieme, liberiamo il potenziale per raggiungere risultati notevoli.<\/p>\n<h4>Alla ricerca del successo<\/h4>\n<p>Guidati da una \u00abmentalit\u00e0 imprenditoriale\u00bb, incarniamo l&#8217;innovazione e la creativit\u00e0. Siamo lungimiranti e orientati alle soluzioni. Promuoviamo un ambiente che incoraggia gli errori e l&#8217;audacia, dove i dipendenti prendono decisioni e guidano iniziative che portano alla crescita e al successo. Siamo aperti all&#8217;ignoto, alle strategie innovative e alle decisioni coraggiose che sfidano l&#8217;incertezza per il successo collettivo.<\/p>\n<h4>Dinamico<\/h4>\n<p>Crediamo che una mentalit\u00e0 agile sia essenziale per adattarsi e trovare le soluzioni migliori per i nostri clienti. Ci muoviamo rapidamente per garantire una risposta rapida ai cambiamenti e assicuriamo il nostro successo attraverso l&#8217;innovazione e l&#8217;esecuzione efficiente, senza compromettere la qualit\u00e0.<\/p>\n<h4>Rispettare l&#8217;unicit\u00e0<\/h4>\n<p>Relazioni sane \u2014 un ambiente inclusivo. Trattiamo tutti i nostri stakeholder con dignit\u00e0 ed equit\u00e0. Il nostro impegno per la diversit\u00e0 celebra le differenze, incoraggia la comunicazione aperta, promuove la collaborazione e valorizza i contributi individuali. Adottiamo un approccio responsabile e sostenibile al rispetto e alla protezione dell&#8217;ambiente.<\/p>\n<h2>Qualit\u00e0 comprovata<\/h2>\n<p>Grazie alla nostra presenza globale e alla nostra profonda esperienza, siamo in grado di offrire una gamma diversificata di soluzioni, tutte sostenute da prove solide e da una qualit\u00e0 certificata. Che si tratti di sviluppare prodotti sostenibili, di implementare processi eco-compatibili o di fornire servizi verdi, ci impegniamo sempre a raggiungere gli standard pi\u00f9 elevati possibili.<\/p>\n<p>Siamo anche molto orgogliosi del nostro impegno per l&#8217;innovazione e il miglioramento continui. I nostri team globali di esperti si dedicano alla ricerca e allo sviluppo per rimanere all&#8217;avanguardia del settore, con l&#8217;obiettivo finale di avere un impatto positivo sul nostro pianeta.<\/p>\n<h2>Domande?<\/h2>\n<h3>FAQ<\/h3>\n<h4>Come posso ottenere maggiori informazioni sui gas e sui prodotti che offrite?<\/h4>\n<p>Pu\u00f2 facilmente trovare maggiori informazioni sulla nostra gamma di gas e prodotti visitando la nostra <a href=\"https:\/\/ramdon.com\/it\/prodotti\/\">pagina Prodotti<\/a>. L\u00ec trover\u00e0 descrizioni dettagliate e specifiche tecniche. Se ha esigenze particolari o bisogno di aiuto, non esiti a contattarci tramite il modulo di contatto. Saremo lieti di aiutarla.<\/p>\n<h4>Come posso ordinare un prodotto?<\/h4>\n<p>Per ordinare i nostri prodotti, \u00e8 sufficiente compilare il <a href=\"https:\/\/ramdon.com\/es\/chi-siamo\/#contact\">modulo d&#8217;ordine<\/a> sul nostro sito web, fornendo le informazioni necessarie sul prodotto desiderato. Elaboreremo la sua richiesta il pi\u00f9 rapidamente possibile e la contatteremo per confermare l&#8217;ordine e fornirle le istruzioni per il pagamento e la consegna. In caso di domande specifiche o di necessit\u00e0 di assistenza durante il processo di ordinazione, non esiti a contattare il nostro servizio clienti; saranno lieti di aiutarla.<\/p>\n<h4>In quali Paesi effettuate le consegne?<\/h4>\n<p>Consegniamo i nostri prodotti in tutto il mondo. Per effettuare un ordine e farlo recapitare al suo indirizzo, \u00e8 sufficiente inviare la richiesta tramite il modulo online.<\/p>\n<h4>Quali sono le opzioni disponibili per i cilindri?<\/h4>\n<p>Forniamo cilindri in acciaio monouso nelle dimensioni pi\u00f9 popolari: <strong>0,95 L, 2 L e 3 L<\/strong>.<\/p>\n<h2>Ci contatti!<\/h2>\n<p>Ci dica cosa possiamo fare per lei! Siamo sempre pronti ad aiutarla a raggiungere i suoi obiettivi commerciali.<\/p>\n","protected":false},"excerpt":{"rendered":"<p>Ramdon \u00e8 il risultato di una grande quantit\u00e0 di sforzi, passione e duro lavoro. Come tutto \u00e8 iniziato La nostra storia Fondata nel 2022, Ramdon \u00e8 una rinomata azienda internazionale specializzata in bombole monouso di N\u2082O, CO\u2082 ed elio per il mercato B2B. Da allora, siamo cresciuti fino a diventare una rete di distribuzione globale&#8230;<\/p>\n","protected":false},"author":1,"featured_media":2775,"parent":0,"menu_order":0,"comment_status":"closed","ping_status":"open","template":"template-flexible-layout.blade.php","meta":{"_acf_changed":false,"footnotes":""},"class_list":["post-2773","page","type-page","status-publish","has-post-thumbnail","hentry"],"acf":[],"yoast_head":"<!-- This site is optimized with the Yoast SEO plugin v27.4 - https:\/\/yoast.com\/product\/yoast-seo-wordpress\/ -->\n<title>Ramdon: su proveedor de gases industriales de confianza<\/title>\n<meta name=\"description\" content=\"Elija Ramdon como su proveedor de confianza de gases industriales. Mejore la fiabilidad de sus operaciones con gases de la m\u00e1s alta calidad.\" \/>\n<meta name=\"robots\" content=\"index, follow, max-snippet:-1, max-image-preview:large, max-video-preview:-1\" \/>\n<link rel=\"canonical\" href=\"https:\/\/ramdon.com\/es\/quienes-somos\/\" \/>\n<meta property=\"og:locale\" content=\"es_ES\" \/>\n<meta property=\"og:type\" content=\"article\" \/>\n<meta property=\"og:title\" content=\"Ramdon: su proveedor de gases industriales de confianza\" \/>\n<meta property=\"og:description\" content=\"Elija Ramdon como su proveedor de confianza de gases industriales. Mejore la fiabilidad de sus operaciones con gases de la m\u00e1s alta calidad.\" \/>\n<meta property=\"og:url\" content=\"https:\/\/ramdon.com\/es\/quienes-somos\/\" \/>\n<meta property=\"og:site_name\" content=\"Ramdon\" \/>\n<meta property=\"article:modified_time\" content=\"2026-04-28T08:17:13+00:00\" \/>\n<meta property=\"og:image\" content=\"https:\/\/ramdon.com\/wp-content\/uploads\/2023\/10\/ramdon-home-1024x573.png\" \/>\n\t<meta property=\"og:image:width\" content=\"1024\" \/>\n\t<meta property=\"og:image:height\" content=\"573\" \/>\n\t<meta property=\"og:image:type\" content=\"image\/png\" \/>\n<meta name=\"twitter:card\" content=\"summary_large_image\" \/>\n<meta name=\"twitter:label1\" content=\"Est. reading time\" \/>\n\t<meta name=\"twitter:data1\" content=\"10 minutes\" \/>\n<!-- \/ Yoast SEO plugin. -->","yoast_head_json":{"title":"Ramdon: su proveedor de gases industriales de confianza","description":"Elija Ramdon como su proveedor de confianza de gases industriales. Mejore la fiabilidad de sus operaciones con gases de la m\u00e1s alta calidad.","robots":{"index":"index","follow":"follow","max-snippet":"max-snippet:-1","max-image-preview":"max-image-preview:large","max-video-preview":"max-video-preview:-1"},"canonical":"https:\/\/ramdon.com\/es\/quienes-somos\/","og_locale":"es_ES","og_type":"article","og_title":"Ramdon: su proveedor de gases industriales de confianza","og_description":"Elija Ramdon como su proveedor de confianza de gases industriales. Mejore la fiabilidad de sus operaciones con gases de la m\u00e1s alta calidad.","og_url":"https:\/\/ramdon.com\/es\/quienes-somos\/","og_site_name":"Ramdon","article_modified_time":"2026-04-28T08:17:13+00:00","og_image":[{"width":1024,"height":573,"url":"https:\/\/ramdon.com\/wp-content\/uploads\/2023\/10\/ramdon-home-1024x573.png","type":"image\/png"}],"twitter_card":"summary_large_image","twitter_misc":{"Est. reading time":"10 minutes"},"schema":{"@context":"https:\/\/schema.org","@graph":[{"@type":"WebPage","@id":"https:\/\/ramdon.com\/es\/quienes-somos\/","url":"https:\/\/ramdon.com\/es\/quienes-somos\/","name":"Ramdon: su proveedor de gases industriales de confianza","isPartOf":{"@id":"https:\/\/ramdon.com\/es\/#website"},"primaryImageOfPage":{"@id":"https:\/\/ramdon.com\/es\/quienes-somos\/#primaryimage"},"image":{"@id":"https:\/\/ramdon.com\/es\/quienes-somos\/#primaryimage"},"thumbnailUrl":"https:\/\/ramdon.com\/wp-content\/uploads\/2023\/10\/ramdon-home.png","datePublished":"2024-01-22T16:26:04+00:00","dateModified":"2026-04-28T08:17:13+00:00","description":"Elija Ramdon como su proveedor de confianza de gases industriales. Mejore la fiabilidad de sus operaciones con gases de la m\u00e1s alta calidad.","breadcrumb":{"@id":"https:\/\/ramdon.com\/es\/quienes-somos\/#breadcrumb"},"inLanguage":"es-ES","potentialAction":[{"@type":"ReadAction","target":["https:\/\/ramdon.com\/es\/quienes-somos\/"]}]},{"@type":"ImageObject","inLanguage":"es-ES","@id":"https:\/\/ramdon.com\/es\/quienes-somos\/#primaryimage","url":"https:\/\/ramdon.com\/wp-content\/uploads\/2023\/10\/ramdon-home.png","contentUrl":"https:\/\/ramdon.com\/wp-content\/uploads\/2023\/10\/ramdon-home.png","width":1920,"height":1075},{"@type":"BreadcrumbList","@id":"https:\/\/ramdon.com\/es\/quienes-somos\/#breadcrumb","itemListElement":[{"@type":"ListItem","position":1,"name":"Home","item":"https:\/\/ramdon.com\/es\/"},{"@type":"ListItem","position":2,"name":"Qui\u00e9nes somos"}]},{"@type":"WebSite","@id":"https:\/\/ramdon.com\/es\/#website","url":"https:\/\/ramdon.com\/es\/","name":"Ramdon","description":"","potentialAction":[{"@type":"SearchAction","target":{"@type":"EntryPoint","urlTemplate":"https:\/\/ramdon.com\/es\/?s={search_term_string}"},"query-input":{"@type":"PropertyValueSpecification","valueRequired":true,"valueName":"search_term_string"}}],"inLanguage":"es-ES"}]}},"_links":{"self":[{"href":"https:\/\/ramdon.com\/es\/wp-json\/wp\/v2\/pages\/2773","targetHints":{"allow":["GET"]}}],"collection":[{"href":"https:\/\/ramdon.com\/es\/wp-json\/wp\/v2\/pages"}],"about":[{"href":"https:\/\/ramdon.com\/es\/wp-json\/wp\/v2\/types\/page"}],"author":[{"embeddable":true,"href":"https:\/\/ramdon.com\/es\/wp-json\/wp\/v2\/users\/1"}],"replies":[{"embeddable":true,"href":"https:\/\/ramdon.com\/es\/wp-json\/wp\/v2\/comments?post=2773"}],"version-history":[{"count":3,"href":"https:\/\/ramdon.com\/es\/wp-json\/wp\/v2\/pages\/2773\/revisions"}],"predecessor-version":[{"id":2788,"href":"https:\/\/ramdon.com\/es\/wp-json\/wp\/v2\/pages\/2773\/revisions\/2788"}],"wp:featuredmedia":[{"embeddable":true,"href":"https:\/\/ramdon.com\/es\/wp-json\/wp\/v2\/media\/2775"}],"wp:attachment":[{"href":"https:\/\/ramdon.com\/es\/wp-json\/wp\/v2\/media?parent=2773"}],"curies":[{"name":"wp","href":"https:\/\/api.w.org\/{rel}","templated":true}]}}