{"id":1603,"date":"2024-01-22T16:26:04","date_gmt":"2024-01-22T16:26:04","guid":{"rendered":"https:\/\/ramdon.com\/about-us\/"},"modified":"2025-10-15T15:17:58","modified_gmt":"2025-10-15T15:17:58","slug":"a-propos","status":"publish","type":"page","link":"https:\/\/ramdon.com\/fr\/a-propos\/","title":{"rendered":"\u00c0 propos"},"content":{"rendered":"","protected":false},"excerpt":{"rendered":"","protected":false},"author":1,"featured_media":1338,"parent":0,"menu_order":0,"comment_status":"closed","ping_status":"open","template":"template-flexible-layout.blade.php","meta":{"_acf_changed":false,"footnotes":""},"class_list":["post-1603","page","type-page","status-publish","has-post-thumbnail","hentry"],"acf":[],"yoast_head":"<!-- This site is optimized with the Yoast SEO plugin v27.2 - https:\/\/yoast.com\/product\/yoast-seo-wordpress\/ -->\n<title>Ramdon : votre fournisseur de gaz industriels de premier choix<\/title>\n<meta name=\"description\" content=\"Choisissez Ramdon comme fournisseur de gaz industriels de confiance. Am\u00e9liorez la fiabilit\u00e9 de vos op\u00e9rations avec du gaz de qualit\u00e9 sup\u00e9rieure.\" \/>\n<meta name=\"robots\" content=\"index, follow, max-snippet:-1, max-image-preview:large, max-video-preview:-1\" \/>\n<link rel=\"canonical\" href=\"https:\/\/ramdon.com\/fr\/a-propos\/\" \/>\n<meta property=\"og:locale\" content=\"fr_FR\" \/>\n<meta property=\"og:type\" content=\"article\" \/>\n<meta property=\"og:title\" content=\"Ramdon : votre fournisseur de gaz industriels de premier choix\" \/>\n<meta property=\"og:description\" content=\"Choisissez Ramdon comme fournisseur de gaz industriels de confiance. Am\u00e9liorez la fiabilit\u00e9 de vos op\u00e9rations avec du gaz de qualit\u00e9 sup\u00e9rieure.\" \/>\n<meta property=\"og:url\" content=\"https:\/\/ramdon.com\/fr\/a-propos\/\" \/>\n<meta property=\"og:site_name\" content=\"Ramdon\" \/>\n<meta property=\"article:modified_time\" content=\"2025-10-15T15:17:58+00:00\" \/>\n<meta property=\"og:image\" content=\"https:\/\/ramdon.com\/wp-content\/uploads\/2023\/10\/ramdon-home-1024x573.png\" \/>\n\t<meta property=\"og:image:width\" content=\"1024\" \/>\n\t<meta property=\"og:image:height\" content=\"573\" \/>\n\t<meta property=\"og:image:type\" content=\"image\/png\" \/>\n<meta name=\"twitter:card\" content=\"summary_large_image\" \/>\n<meta name=\"twitter:label1\" content=\"Est. reading time\" \/>\n\t<meta name=\"twitter:data1\" content=\"6 minutes\" \/>\n<!-- \/ Yoast SEO plugin. -->","yoast_head_json":{"title":"Ramdon : votre fournisseur de gaz industriels de premier choix","description":"Choisissez Ramdon comme fournisseur de gaz industriels de confiance. Am\u00e9liorez la fiabilit\u00e9 de vos op\u00e9rations avec du gaz de qualit\u00e9 sup\u00e9rieure.","robots":{"index":"index","follow":"follow","max-snippet":"max-snippet:-1","max-image-preview":"max-image-preview:large","max-video-preview":"max-video-preview:-1"},"canonical":"https:\/\/ramdon.com\/fr\/a-propos\/","og_locale":"fr_FR","og_type":"article","og_title":"Ramdon : votre fournisseur de gaz industriels de premier choix","og_description":"Choisissez Ramdon comme fournisseur de gaz industriels de confiance. Am\u00e9liorez la fiabilit\u00e9 de vos op\u00e9rations avec du gaz de qualit\u00e9 sup\u00e9rieure.","og_url":"https:\/\/ramdon.com\/fr\/a-propos\/","og_site_name":"Ramdon","article_modified_time":"2025-10-15T15:17:58+00:00","og_image":[{"width":1024,"height":573,"url":"https:\/\/ramdon.com\/wp-content\/uploads\/2023\/10\/ramdon-home-1024x573.png","type":"image\/png"}],"twitter_card":"summary_large_image","twitter_misc":{"Est. reading time":"6 minutes"},"schema":{"@context":"https:\/\/schema.org","@graph":[{"@type":"WebPage","@id":"https:\/\/ramdon.com\/fr\/a-propos\/","url":"https:\/\/ramdon.com\/fr\/a-propos\/","name":"Ramdon : votre fournisseur de gaz industriels de premier choix","isPartOf":{"@id":"https:\/\/ramdon.com\/fr\/#website"},"primaryImageOfPage":{"@id":"https:\/\/ramdon.com\/fr\/a-propos\/#primaryimage"},"image":{"@id":"https:\/\/ramdon.com\/fr\/a-propos\/#primaryimage"},"thumbnailUrl":"https:\/\/ramdon.com\/wp-content\/uploads\/2023\/10\/ramdon-home.png","datePublished":"2024-01-22T16:26:04+00:00","dateModified":"2025-10-15T15:17:58+00:00","description":"Choisissez Ramdon comme fournisseur de gaz industriels de confiance. Am\u00e9liorez la fiabilit\u00e9 de vos op\u00e9rations avec du gaz de qualit\u00e9 sup\u00e9rieure.","breadcrumb":{"@id":"https:\/\/ramdon.com\/fr\/a-propos\/#breadcrumb"},"inLanguage":"fr-FR","potentialAction":[{"@type":"ReadAction","target":["https:\/\/ramdon.com\/fr\/a-propos\/"]}]},{"@type":"ImageObject","inLanguage":"fr-FR","@id":"https:\/\/ramdon.com\/fr\/a-propos\/#primaryimage","url":"https:\/\/ramdon.com\/wp-content\/uploads\/2023\/10\/ramdon-home.png","contentUrl":"https:\/\/ramdon.com\/wp-content\/uploads\/2023\/10\/ramdon-home.png","width":1920,"height":1075},{"@type":"BreadcrumbList","@id":"https:\/\/ramdon.com\/fr\/a-propos\/#breadcrumb","itemListElement":[{"@type":"ListItem","position":1,"name":"Accueil","item":"https:\/\/ramdon.com\/fr\/"},{"@type":"ListItem","position":2,"name":"\u00c0 propos"}]},{"@type":"WebSite","@id":"https:\/\/ramdon.com\/fr\/#website","url":"https:\/\/ramdon.com\/fr\/","name":"Ramdon","description":"","potentialAction":[{"@type":"SearchAction","target":{"@type":"EntryPoint","urlTemplate":"https:\/\/ramdon.com\/fr\/?s={search_term_string}"},"query-input":{"@type":"PropertyValueSpecification","valueRequired":true,"valueName":"search_term_string"}}],"inLanguage":"fr-FR"}]}},"_links":{"self":[{"href":"https:\/\/ramdon.com\/fr\/wp-json\/wp\/v2\/pages\/1603","targetHints":{"allow":["GET"]}}],"collection":[{"href":"https:\/\/ramdon.com\/fr\/wp-json\/wp\/v2\/pages"}],"about":[{"href":"https:\/\/ramdon.com\/fr\/wp-json\/wp\/v2\/types\/page"}],"author":[{"embeddable":true,"href":"https:\/\/ramdon.com\/fr\/wp-json\/wp\/v2\/users\/1"}],"replies":[{"embeddable":true,"href":"https:\/\/ramdon.com\/fr\/wp-json\/wp\/v2\/comments?post=1603"}],"version-history":[{"count":3,"href":"https:\/\/ramdon.com\/fr\/wp-json\/wp\/v2\/pages\/1603\/revisions"}],"predecessor-version":[{"id":1976,"href":"https:\/\/ramdon.com\/fr\/wp-json\/wp\/v2\/pages\/1603\/revisions\/1976"}],"wp:featuredmedia":[{"embeddable":true,"href":"https:\/\/ramdon.com\/fr\/wp-json\/wp\/v2\/media\/1338"}],"wp:attachment":[{"href":"https:\/\/ramdon.com\/fr\/wp-json\/wp\/v2\/media?parent=1603"}],"curies":[{"name":"wp","href":"https:\/\/api.w.org\/{rel}","templated":true}]}}