{"id":1661,"date":"2024-11-05T14:20:10","date_gmt":"2024-11-05T14:20:10","guid":{"rendered":"https:\/\/ramdon.com\/helium-by-ramdon\/"},"modified":"2025-09-16T11:51:32","modified_gmt":"2025-09-16T11:51:32","slug":"helium-by-ramdon","status":"publish","type":"page","link":"https:\/\/ramdon.com\/fr\/helium-by-ramdon\/","title":{"rendered":"Helium by Ramdon"},"content":{"rendered":"","protected":false},"excerpt":{"rendered":"","protected":false},"author":9,"featured_media":0,"parent":0,"menu_order":0,"comment_status":"closed","ping_status":"closed","template":"template-flexible-layout.blade.php","meta":{"_acf_changed":false,"footnotes":""},"class_list":["post-1661","page","type-page","status-publish","hentry"],"acf":[],"yoast_head":"<!-- This site is optimized with the Yoast SEO plugin v27.2 - https:\/\/yoast.com\/product\/yoast-seo-wordpress\/ -->\n<title>Helium by Ramdon - Ramdon<\/title>\n<meta name=\"description\" content=\"Le top de l\u2019h\u00e9lium, pr\u00eat \u00e0 l\u2019emploi ! Nos cylindres jetables gonflent jusqu\u2019\u00e0 50 ballons de 9\u2033 (\u2248 23 cm) avec 3,3 L d\u2019h\u00e9lium !\" \/>\n<meta name=\"robots\" content=\"index, follow, max-snippet:-1, max-image-preview:large, max-video-preview:-1\" \/>\n<link rel=\"canonical\" href=\"https:\/\/ramdon.com\/fr\/helium-by-ramdon\/\" \/>\n<meta property=\"og:locale\" content=\"fr_FR\" \/>\n<meta property=\"og:type\" content=\"article\" \/>\n<meta property=\"og:title\" content=\"Helium by Ramdon - Ramdon\" \/>\n<meta property=\"og:description\" content=\"Le top de l\u2019h\u00e9lium, pr\u00eat \u00e0 l\u2019emploi ! Nos cylindres jetables gonflent jusqu\u2019\u00e0 50 ballons de 9\u2033 (\u2248 23 cm) avec 3,3 L d\u2019h\u00e9lium !\" \/>\n<meta property=\"og:url\" content=\"https:\/\/ramdon.com\/fr\/helium-by-ramdon\/\" \/>\n<meta property=\"og:site_name\" content=\"Ramdon\" \/>\n<meta property=\"article:modified_time\" content=\"2025-09-16T11:51:32+00:00\" \/>\n<meta name=\"twitter:card\" content=\"summary_large_image\" \/>\n<meta name=\"twitter:label1\" content=\"Est. reading time\" \/>\n\t<meta name=\"twitter:data1\" content=\"3 minutes\" \/>\n<!-- \/ Yoast SEO plugin. -->","yoast_head_json":{"title":"Helium by Ramdon - Ramdon","description":"Le top de l\u2019h\u00e9lium, pr\u00eat \u00e0 l\u2019emploi ! Nos cylindres jetables gonflent jusqu\u2019\u00e0 50 ballons de 9\u2033 (\u2248 23 cm) avec 3,3 L d\u2019h\u00e9lium !","robots":{"index":"index","follow":"follow","max-snippet":"max-snippet:-1","max-image-preview":"max-image-preview:large","max-video-preview":"max-video-preview:-1"},"canonical":"https:\/\/ramdon.com\/fr\/helium-by-ramdon\/","og_locale":"fr_FR","og_type":"article","og_title":"Helium by Ramdon - Ramdon","og_description":"Le top de l\u2019h\u00e9lium, pr\u00eat \u00e0 l\u2019emploi ! Nos cylindres jetables gonflent jusqu\u2019\u00e0 50 ballons de 9\u2033 (\u2248 23 cm) avec 3,3 L d\u2019h\u00e9lium !","og_url":"https:\/\/ramdon.com\/fr\/helium-by-ramdon\/","og_site_name":"Ramdon","article_modified_time":"2025-09-16T11:51:32+00:00","twitter_card":"summary_large_image","twitter_misc":{"Est. reading time":"3 minutes"},"schema":{"@context":"https:\/\/schema.org","@graph":[{"@type":"WebPage","@id":"https:\/\/ramdon.com\/fr\/helium-by-ramdon\/","url":"https:\/\/ramdon.com\/fr\/helium-by-ramdon\/","name":"Helium by Ramdon - Ramdon","isPartOf":{"@id":"https:\/\/ramdon.com\/fr\/#website"},"datePublished":"2024-11-05T14:20:10+00:00","dateModified":"2025-09-16T11:51:32+00:00","description":"Le top de l\u2019h\u00e9lium, pr\u00eat \u00e0 l\u2019emploi ! Nos cylindres jetables gonflent jusqu\u2019\u00e0 50 ballons de 9\u2033 (\u2248 23 cm) avec 3,3 L d\u2019h\u00e9lium !","breadcrumb":{"@id":"https:\/\/ramdon.com\/fr\/helium-by-ramdon\/#breadcrumb"},"inLanguage":"fr-FR","potentialAction":[{"@type":"ReadAction","target":["https:\/\/ramdon.com\/fr\/helium-by-ramdon\/"]}]},{"@type":"BreadcrumbList","@id":"https:\/\/ramdon.com\/fr\/helium-by-ramdon\/#breadcrumb","itemListElement":[{"@type":"ListItem","position":1,"name":"Accueil","item":"https:\/\/ramdon.com\/fr\/"},{"@type":"ListItem","position":2,"name":"Helium by Ramdon"}]},{"@type":"WebSite","@id":"https:\/\/ramdon.com\/fr\/#website","url":"https:\/\/ramdon.com\/fr\/","name":"Ramdon","description":"","potentialAction":[{"@type":"SearchAction","target":{"@type":"EntryPoint","urlTemplate":"https:\/\/ramdon.com\/fr\/?s={search_term_string}"},"query-input":{"@type":"PropertyValueSpecification","valueRequired":true,"valueName":"search_term_string"}}],"inLanguage":"fr-FR"}]}},"_links":{"self":[{"href":"https:\/\/ramdon.com\/fr\/wp-json\/wp\/v2\/pages\/1661","targetHints":{"allow":["GET"]}}],"collection":[{"href":"https:\/\/ramdon.com\/fr\/wp-json\/wp\/v2\/pages"}],"about":[{"href":"https:\/\/ramdon.com\/fr\/wp-json\/wp\/v2\/types\/page"}],"author":[{"embeddable":true,"href":"https:\/\/ramdon.com\/fr\/wp-json\/wp\/v2\/users\/9"}],"replies":[{"embeddable":true,"href":"https:\/\/ramdon.com\/fr\/wp-json\/wp\/v2\/comments?post=1661"}],"version-history":[{"count":3,"href":"https:\/\/ramdon.com\/fr\/wp-json\/wp\/v2\/pages\/1661\/revisions"}],"predecessor-version":[{"id":1959,"href":"https:\/\/ramdon.com\/fr\/wp-json\/wp\/v2\/pages\/1661\/revisions\/1959"}],"wp:attachment":[{"href":"https:\/\/ramdon.com\/fr\/wp-json\/wp\/v2\/media?parent=1661"}],"curies":[{"name":"wp","href":"https:\/\/api.w.org\/{rel}","templated":true}]}}