{"id":1679,"date":"2023-12-06T13:43:25","date_gmt":"2023-12-06T13:43:25","guid":{"rendered":"https:\/\/ramdon.com\/products\/"},"modified":"2026-02-18T11:57:56","modified_gmt":"2026-02-18T11:57:56","slug":"produits","status":"publish","type":"page","link":"https:\/\/ramdon.com\/fr\/produits\/","title":{"rendered":"Produits"},"content":{"rendered":"","protected":false},"excerpt":{"rendered":"","protected":false},"author":1,"featured_media":1338,"parent":0,"menu_order":0,"comment_status":"closed","ping_status":"closed","template":"template-flexible-layout.blade.php","meta":{"_acf_changed":false,"footnotes":""},"class_list":["post-1679","page","type-page","status-publish","has-post-thumbnail","hentry"],"acf":[],"yoast_head":"<!-- This site is optimized with the Yoast SEO plugin v27.2 - https:\/\/yoast.com\/product\/yoast-seo-wordpress\/ -->\n<title>Fournisseur de gaz industriels haut de gamme - Ramdon<\/title>\n<meta name=\"description\" content=\"Explorez des gaz industriels de haute qualit\u00e9 pour diverses applications. Faites confiance \u00e0 Ramdon pour des solutions gazeuses fiables. Am\u00e9liorez l&#039;efficacit\u00e9 avec nos gaz industriels.\" \/>\n<meta name=\"robots\" content=\"index, follow, max-snippet:-1, max-image-preview:large, max-video-preview:-1\" \/>\n<link rel=\"canonical\" href=\"https:\/\/ramdon.com\/fr\/produits\/\" \/>\n<meta property=\"og:locale\" content=\"fr_FR\" \/>\n<meta property=\"og:type\" content=\"article\" \/>\n<meta property=\"og:title\" content=\"Fournisseur de gaz industriels haut de gamme - Ramdon\" \/>\n<meta property=\"og:description\" content=\"Explorez des gaz industriels de haute qualit\u00e9 pour diverses applications. Faites confiance \u00e0 Ramdon pour des solutions gazeuses fiables. Am\u00e9liorez l&#039;efficacit\u00e9 avec nos gaz industriels.\" \/>\n<meta property=\"og:url\" content=\"https:\/\/ramdon.com\/fr\/produits\/\" \/>\n<meta property=\"og:site_name\" content=\"Ramdon\" \/>\n<meta property=\"article:modified_time\" content=\"2026-02-18T11:57:56+00:00\" \/>\n<meta property=\"og:image\" content=\"https:\/\/ramdon.com\/wp-content\/uploads\/2023\/10\/ramdon-home-1024x573.png\" \/>\n\t<meta property=\"og:image:width\" content=\"1024\" \/>\n\t<meta property=\"og:image:height\" content=\"573\" \/>\n\t<meta property=\"og:image:type\" content=\"image\/png\" \/>\n<meta name=\"twitter:card\" content=\"summary_large_image\" \/>\n<meta name=\"twitter:label1\" content=\"Est. reading time\" \/>\n\t<meta name=\"twitter:data1\" content=\"7 minutes\" \/>\n<!-- \/ Yoast SEO plugin. -->","yoast_head_json":{"title":"Fournisseur de gaz industriels haut de gamme - Ramdon","description":"Explorez des gaz industriels de haute qualit\u00e9 pour diverses applications. Faites confiance \u00e0 Ramdon pour des solutions gazeuses fiables. Am\u00e9liorez l'efficacit\u00e9 avec nos gaz industriels.","robots":{"index":"index","follow":"follow","max-snippet":"max-snippet:-1","max-image-preview":"max-image-preview:large","max-video-preview":"max-video-preview:-1"},"canonical":"https:\/\/ramdon.com\/fr\/produits\/","og_locale":"fr_FR","og_type":"article","og_title":"Fournisseur de gaz industriels haut de gamme - Ramdon","og_description":"Explorez des gaz industriels de haute qualit\u00e9 pour diverses applications. Faites confiance \u00e0 Ramdon pour des solutions gazeuses fiables. Am\u00e9liorez l'efficacit\u00e9 avec nos gaz industriels.","og_url":"https:\/\/ramdon.com\/fr\/produits\/","og_site_name":"Ramdon","article_modified_time":"2026-02-18T11:57:56+00:00","og_image":[{"width":1024,"height":573,"url":"https:\/\/ramdon.com\/wp-content\/uploads\/2023\/10\/ramdon-home-1024x573.png","type":"image\/png"}],"twitter_card":"summary_large_image","twitter_misc":{"Est. reading time":"7 minutes"},"schema":{"@context":"https:\/\/schema.org","@graph":[{"@type":"WebPage","@id":"https:\/\/ramdon.com\/fr\/produits\/","url":"https:\/\/ramdon.com\/fr\/produits\/","name":"Fournisseur de gaz industriels haut de gamme - Ramdon","isPartOf":{"@id":"https:\/\/ramdon.com\/fr\/#website"},"primaryImageOfPage":{"@id":"https:\/\/ramdon.com\/fr\/produits\/#primaryimage"},"image":{"@id":"https:\/\/ramdon.com\/fr\/produits\/#primaryimage"},"thumbnailUrl":"https:\/\/ramdon.com\/wp-content\/uploads\/2023\/10\/ramdon-home.png","datePublished":"2023-12-06T13:43:25+00:00","dateModified":"2026-02-18T11:57:56+00:00","description":"Explorez des gaz industriels de haute qualit\u00e9 pour diverses applications. Faites confiance \u00e0 Ramdon pour des solutions gazeuses fiables. Am\u00e9liorez l'efficacit\u00e9 avec nos gaz industriels.","breadcrumb":{"@id":"https:\/\/ramdon.com\/fr\/produits\/#breadcrumb"},"inLanguage":"fr-FR","potentialAction":[{"@type":"ReadAction","target":["https:\/\/ramdon.com\/fr\/produits\/"]}]},{"@type":"ImageObject","inLanguage":"fr-FR","@id":"https:\/\/ramdon.com\/fr\/produits\/#primaryimage","url":"https:\/\/ramdon.com\/wp-content\/uploads\/2023\/10\/ramdon-home.png","contentUrl":"https:\/\/ramdon.com\/wp-content\/uploads\/2023\/10\/ramdon-home.png","width":1920,"height":1075},{"@type":"BreadcrumbList","@id":"https:\/\/ramdon.com\/fr\/produits\/#breadcrumb","itemListElement":[{"@type":"ListItem","position":1,"name":"Accueil","item":"https:\/\/ramdon.com\/fr\/"},{"@type":"ListItem","position":2,"name":"Produits"}]},{"@type":"WebSite","@id":"https:\/\/ramdon.com\/fr\/#website","url":"https:\/\/ramdon.com\/fr\/","name":"Ramdon","description":"","potentialAction":[{"@type":"SearchAction","target":{"@type":"EntryPoint","urlTemplate":"https:\/\/ramdon.com\/fr\/?s={search_term_string}"},"query-input":{"@type":"PropertyValueSpecification","valueRequired":true,"valueName":"search_term_string"}}],"inLanguage":"fr-FR"}]}},"_links":{"self":[{"href":"https:\/\/ramdon.com\/fr\/wp-json\/wp\/v2\/pages\/1679","targetHints":{"allow":["GET"]}}],"collection":[{"href":"https:\/\/ramdon.com\/fr\/wp-json\/wp\/v2\/pages"}],"about":[{"href":"https:\/\/ramdon.com\/fr\/wp-json\/wp\/v2\/types\/page"}],"author":[{"embeddable":true,"href":"https:\/\/ramdon.com\/fr\/wp-json\/wp\/v2\/users\/1"}],"replies":[{"embeddable":true,"href":"https:\/\/ramdon.com\/fr\/wp-json\/wp\/v2\/comments?post=1679"}],"version-history":[{"count":10,"href":"https:\/\/ramdon.com\/fr\/wp-json\/wp\/v2\/pages\/1679\/revisions"}],"predecessor-version":[{"id":2342,"href":"https:\/\/ramdon.com\/fr\/wp-json\/wp\/v2\/pages\/1679\/revisions\/2342"}],"wp:featuredmedia":[{"embeddable":true,"href":"https:\/\/ramdon.com\/fr\/wp-json\/wp\/v2\/media\/1338"}],"wp:attachment":[{"href":"https:\/\/ramdon.com\/fr\/wp-json\/wp\/v2\/media?parent=1679"}],"curies":[{"name":"wp","href":"https:\/\/api.w.org\/{rel}","templated":true}]}}