{"id":2344,"date":"2025-11-11T13:01:57","date_gmt":"2025-11-11T13:01:57","guid":{"rendered":"https:\/\/ramdon.com\/flavand\/"},"modified":"2026-04-06T09:13:46","modified_gmt":"2026-04-06T09:13:46","slug":"flavand","status":"publish","type":"page","link":"https:\/\/ramdon.com\/fr\/flavand\/","title":{"rendered":"Flav&#038;"},"content":{"rendered":"","protected":false},"excerpt":{"rendered":"","protected":false},"author":1,"featured_media":0,"parent":0,"menu_order":0,"comment_status":"closed","ping_status":"closed","template":"template-flexible-layout.blade.php","meta":{"_acf_changed":false,"footnotes":""},"class_list":["post-2344","page","type-page","status-publish","hentry"],"acf":[],"yoast_head":"<!-- This site is optimized with the Yoast SEO plugin v27.2 - https:\/\/yoast.com\/product\/yoast-seo-wordpress\/ -->\n<title>D\u00e9couvrez flav&amp;soda, la machine \u00e0 soda aux bulles audacieuses<\/title>\n<meta name=\"description\" content=\"Transformez l&#039;eau en boissons p\u00e9tillantes ! Des boissons gazeuses qui vous aident \u00e0 vous hydrater tout en respectant la plan\u00e8te.\" \/>\n<meta name=\"robots\" content=\"index, follow, max-snippet:-1, max-image-preview:large, max-video-preview:-1\" \/>\n<link rel=\"canonical\" href=\"https:\/\/ramdon.com\/fr\/flavand\/\" \/>\n<meta property=\"og:locale\" content=\"fr_FR\" \/>\n<meta property=\"og:type\" content=\"article\" \/>\n<meta property=\"og:title\" content=\"D\u00e9couvrez flav&amp;soda, la machine \u00e0 soda aux bulles audacieuses\" \/>\n<meta property=\"og:description\" content=\"Transformez l&#039;eau en boissons p\u00e9tillantes ! Des boissons gazeuses qui vous aident \u00e0 vous hydrater tout en respectant la plan\u00e8te.\" \/>\n<meta property=\"og:url\" content=\"https:\/\/ramdon.com\/fr\/flavand\/\" \/>\n<meta property=\"og:site_name\" content=\"Ramdon\" \/>\n<meta property=\"article:modified_time\" content=\"2026-04-06T09:13:46+00:00\" \/>\n<meta name=\"twitter:card\" content=\"summary_large_image\" \/>\n<meta name=\"twitter:label1\" content=\"Est. reading time\" \/>\n\t<meta name=\"twitter:data1\" content=\"6 minutes\" \/>\n<!-- \/ Yoast SEO plugin. -->","yoast_head_json":{"title":"D\u00e9couvrez flav&soda, la machine \u00e0 soda aux bulles audacieuses","description":"Transformez l'eau en boissons p\u00e9tillantes ! Des boissons gazeuses qui vous aident \u00e0 vous hydrater tout en respectant la plan\u00e8te.","robots":{"index":"index","follow":"follow","max-snippet":"max-snippet:-1","max-image-preview":"max-image-preview:large","max-video-preview":"max-video-preview:-1"},"canonical":"https:\/\/ramdon.com\/fr\/flavand\/","og_locale":"fr_FR","og_type":"article","og_title":"D\u00e9couvrez flav&soda, la machine \u00e0 soda aux bulles audacieuses","og_description":"Transformez l'eau en boissons p\u00e9tillantes ! Des boissons gazeuses qui vous aident \u00e0 vous hydrater tout en respectant la plan\u00e8te.","og_url":"https:\/\/ramdon.com\/fr\/flavand\/","og_site_name":"Ramdon","article_modified_time":"2026-04-06T09:13:46+00:00","twitter_card":"summary_large_image","twitter_misc":{"Est. reading time":"6 minutes"},"schema":{"@context":"https:\/\/schema.org","@graph":[{"@type":"WebPage","@id":"https:\/\/ramdon.com\/fr\/flavand\/","url":"https:\/\/ramdon.com\/fr\/flavand\/","name":"D\u00e9couvrez flav&soda, la machine \u00e0 soda aux bulles audacieuses","isPartOf":{"@id":"https:\/\/ramdon.com\/fr\/#website"},"datePublished":"2025-11-11T13:01:57+00:00","dateModified":"2026-04-06T09:13:46+00:00","description":"Transformez l'eau en boissons p\u00e9tillantes ! Des boissons gazeuses qui vous aident \u00e0 vous hydrater tout en respectant la plan\u00e8te.","breadcrumb":{"@id":"https:\/\/ramdon.com\/fr\/flavand\/#breadcrumb"},"inLanguage":"fr-FR","potentialAction":[{"@type":"ReadAction","target":["https:\/\/ramdon.com\/fr\/flavand\/"]}]},{"@type":"BreadcrumbList","@id":"https:\/\/ramdon.com\/fr\/flavand\/#breadcrumb","itemListElement":[{"@type":"ListItem","position":1,"name":"Accueil","item":"https:\/\/ramdon.com\/fr\/"},{"@type":"ListItem","position":2,"name":"Flav&#038;"}]},{"@type":"WebSite","@id":"https:\/\/ramdon.com\/fr\/#website","url":"https:\/\/ramdon.com\/fr\/","name":"Ramdon","description":"","potentialAction":[{"@type":"SearchAction","target":{"@type":"EntryPoint","urlTemplate":"https:\/\/ramdon.com\/fr\/?s={search_term_string}"},"query-input":{"@type":"PropertyValueSpecification","valueRequired":true,"valueName":"search_term_string"}}],"inLanguage":"fr-FR"}]}},"_links":{"self":[{"href":"https:\/\/ramdon.com\/fr\/wp-json\/wp\/v2\/pages\/2344","targetHints":{"allow":["GET"]}}],"collection":[{"href":"https:\/\/ramdon.com\/fr\/wp-json\/wp\/v2\/pages"}],"about":[{"href":"https:\/\/ramdon.com\/fr\/wp-json\/wp\/v2\/types\/page"}],"author":[{"embeddable":true,"href":"https:\/\/ramdon.com\/fr\/wp-json\/wp\/v2\/users\/1"}],"replies":[{"embeddable":true,"href":"https:\/\/ramdon.com\/fr\/wp-json\/wp\/v2\/comments?post=2344"}],"version-history":[{"count":15,"href":"https:\/\/ramdon.com\/fr\/wp-json\/wp\/v2\/pages\/2344\/revisions"}],"predecessor-version":[{"id":2479,"href":"https:\/\/ramdon.com\/fr\/wp-json\/wp\/v2\/pages\/2344\/revisions\/2479"}],"wp:attachment":[{"href":"https:\/\/ramdon.com\/fr\/wp-json\/wp\/v2\/media?parent=2344"}],"curies":[{"name":"wp","href":"https:\/\/api.w.org\/{rel}","templated":true}]}}